{"id":2,"date":"2025-12-08T20:02:49","date_gmt":"2025-12-08T20:02:49","guid":{"rendered":"https:\/\/ons-band.si\/?page_id=2"},"modified":"2025-12-08T20:42:35","modified_gmt":"2025-12-08T20:42:35","slug":"sample-page","status":"publish","type":"page","link":"https:\/\/ons-band.si\/index.php\/sample-page\/","title":{"rendered":"Kdo smo"},"content":{"rendered":"\n<p>To smo mi<\/p>\n\n\n\n<blockquote class=\"wp-block-quote is-layout-flow wp-block-quote-is-layout-flow\">\n<p>One Night Band je nastal \u010disto po naklju\u010dju. Na\u0161e ime skriva veliko ve\u010d kot bi si mislili. Veliko ve\u010d kot samo eno no\u010d.<\/p>\n<\/blockquote>\n\n\n\n<figure class=\"wp-block-image size-full\"><img loading=\"lazy\" decoding=\"async\" width=\"1024\" height=\"1024\" src=\"https:\/\/ons-band.si\/wp-content\/uploads\/2025\/12\/file_0000000093bc622f964e2440915748d2.png\" alt=\"\" class=\"wp-image-8\" srcset=\"https:\/\/ons-band.si\/wp-content\/uploads\/2025\/12\/file_0000000093bc622f964e2440915748d2.png 1024w, https:\/\/ons-band.si\/wp-content\/uploads\/2025\/12\/file_0000000093bc622f964e2440915748d2-300x300.png 300w, https:\/\/ons-band.si\/wp-content\/uploads\/2025\/12\/file_0000000093bc622f964e2440915748d2-150x150.png 150w, https:\/\/ons-band.si\/wp-content\/uploads\/2025\/12\/file_0000000093bc622f964e2440915748d2-768x768.png 768w, https:\/\/ons-band.si\/wp-content\/uploads\/2025\/12\/file_0000000093bc622f964e2440915748d2-640x640.png 640w, https:\/\/ons-band.si\/wp-content\/uploads\/2025\/12\/file_0000000093bc622f964e2440915748d2-180x180.png 180w\" sizes=\"auto, (max-width: 1024px) 100vw, 1024px\" \/><\/figure>\n","protected":false},"excerpt":{"rendered":"<p>To smo mi One Night Band je nastal \u010disto po naklju\u010dju. Na\u0161e ime skriva veliko ve\u010d kot bi si mislili. Veliko ve\u010d kot samo eno no\u010d.<\/p>\n","protected":false},"author":1,"featured_media":0,"parent":0,"menu_order":0,"comment_status":"closed","ping_status":"open","template":"","meta":{"footnotes":""},"class_list":["post-2","page","type-page","status-publish","hentry"],"yoast_head":"<!-- This site is optimized with the Yoast SEO plugin v26.5 - https:\/\/yoast.com\/wordpress\/plugins\/seo\/ -->\n<title>Kdo smo - ONS BAND<\/title>\n<meta name=\"robots\" content=\"index, follow, max-snippet:-1, max-image-preview:large, max-video-preview:-1\" \/>\n<link rel=\"canonical\" href=\"https:\/\/ons-band.si\/index.php\/sample-page\/\" \/>\n<meta property=\"og:locale\" content=\"sl_SI\" \/>\n<meta property=\"og:type\" content=\"article\" \/>\n<meta property=\"og:title\" content=\"Kdo smo - ONS BAND\" \/>\n<meta property=\"og:description\" content=\"To smo mi One Night Band je nastal \u010disto po naklju\u010dju. Na\u0161e ime skriva veliko ve\u010d kot bi si mislili. Veliko ve\u010d kot samo eno no\u010d.\" \/>\n<meta property=\"og:url\" content=\"https:\/\/ons-band.si\/index.php\/sample-page\/\" \/>\n<meta property=\"og:site_name\" content=\"ONS BAND\" \/>\n<meta property=\"article:modified_time\" content=\"2025-12-08T20:42:35+00:00\" \/>\n<meta property=\"og:image\" content=\"https:\/\/ons-band.si\/wp-content\/uploads\/2025\/12\/file_0000000093bc622f964e2440915748d2.png\" \/>\n\t<meta property=\"og:image:width\" content=\"1024\" \/>\n\t<meta property=\"og:image:height\" content=\"1024\" \/>\n\t<meta property=\"og:image:type\" content=\"image\/png\" \/>\n<meta name=\"twitter:card\" content=\"summary_large_image\" \/>\n<meta name=\"twitter:label1\" content=\"Est. reading time\" \/>\n\t<meta name=\"twitter:data1\" content=\"1 minuta\" \/>\n<script type=\"application\/ld+json\" class=\"yoast-schema-graph\">{\"@context\":\"https:\/\/schema.org\",\"@graph\":[{\"@type\":\"WebPage\",\"@id\":\"https:\/\/ons-band.si\/index.php\/sample-page\/\",\"url\":\"https:\/\/ons-band.si\/index.php\/sample-page\/\",\"name\":\"Kdo smo - ONS BAND\",\"isPartOf\":{\"@id\":\"https:\/\/ons-band.si\/#website\"},\"primaryImageOfPage\":{\"@id\":\"https:\/\/ons-band.si\/index.php\/sample-page\/#primaryimage\"},\"image\":{\"@id\":\"https:\/\/ons-band.si\/index.php\/sample-page\/#primaryimage\"},\"thumbnailUrl\":\"https:\/\/ons-band.si\/wp-content\/uploads\/2025\/12\/file_0000000093bc622f964e2440915748d2.png\",\"datePublished\":\"2025-12-08T20:02:49+00:00\",\"dateModified\":\"2025-12-08T20:42:35+00:00\",\"breadcrumb\":{\"@id\":\"https:\/\/ons-band.si\/index.php\/sample-page\/#breadcrumb\"},\"inLanguage\":\"sl-SI\",\"potentialAction\":[{\"@type\":\"ReadAction\",\"target\":[\"https:\/\/ons-band.si\/index.php\/sample-page\/\"]}]},{\"@type\":\"ImageObject\",\"inLanguage\":\"sl-SI\",\"@id\":\"https:\/\/ons-band.si\/index.php\/sample-page\/#primaryimage\",\"url\":\"https:\/\/ons-band.si\/wp-content\/uploads\/2025\/12\/file_0000000093bc622f964e2440915748d2.png\",\"contentUrl\":\"https:\/\/ons-band.si\/wp-content\/uploads\/2025\/12\/file_0000000093bc622f964e2440915748d2.png\",\"width\":1024,\"height\":1024},{\"@type\":\"BreadcrumbList\",\"@id\":\"https:\/\/ons-band.si\/index.php\/sample-page\/#breadcrumb\",\"itemListElement\":[{\"@type\":\"ListItem\",\"position\":1,\"name\":\"Home\",\"item\":\"https:\/\/ons-band.si\/\"},{\"@type\":\"ListItem\",\"position\":2,\"name\":\"Kdo smo\"}]},{\"@type\":\"WebSite\",\"@id\":\"https:\/\/ons-band.si\/#website\",\"url\":\"https:\/\/ons-band.si\/\",\"name\":\"ONS BAND\",\"description\":\"One Night Stand Band, keep rocking\",\"potentialAction\":[{\"@type\":\"SearchAction\",\"target\":{\"@type\":\"EntryPoint\",\"urlTemplate\":\"https:\/\/ons-band.si\/?s={search_term_string}\"},\"query-input\":{\"@type\":\"PropertyValueSpecification\",\"valueRequired\":true,\"valueName\":\"search_term_string\"}}],\"inLanguage\":\"sl-SI\"}]}<\/script>\n<!-- \/ Yoast SEO plugin. -->","yoast_head_json":{"title":"Kdo smo - ONS BAND","robots":{"index":"index","follow":"follow","max-snippet":"max-snippet:-1","max-image-preview":"max-image-preview:large","max-video-preview":"max-video-preview:-1"},"canonical":"https:\/\/ons-band.si\/index.php\/sample-page\/","og_locale":"sl_SI","og_type":"article","og_title":"Kdo smo - ONS BAND","og_description":"To smo mi One Night Band je nastal \u010disto po naklju\u010dju. Na\u0161e ime skriva veliko ve\u010d kot bi si mislili. Veliko ve\u010d kot samo eno no\u010d.","og_url":"https:\/\/ons-band.si\/index.php\/sample-page\/","og_site_name":"ONS BAND","article_modified_time":"2025-12-08T20:42:35+00:00","og_image":[{"width":1024,"height":1024,"url":"https:\/\/ons-band.si\/wp-content\/uploads\/2025\/12\/file_0000000093bc622f964e2440915748d2.png","type":"image\/png"}],"twitter_card":"summary_large_image","twitter_misc":{"Est. reading time":"1 minuta"},"schema":{"@context":"https:\/\/schema.org","@graph":[{"@type":"WebPage","@id":"https:\/\/ons-band.si\/index.php\/sample-page\/","url":"https:\/\/ons-band.si\/index.php\/sample-page\/","name":"Kdo smo - ONS BAND","isPartOf":{"@id":"https:\/\/ons-band.si\/#website"},"primaryImageOfPage":{"@id":"https:\/\/ons-band.si\/index.php\/sample-page\/#primaryimage"},"image":{"@id":"https:\/\/ons-band.si\/index.php\/sample-page\/#primaryimage"},"thumbnailUrl":"https:\/\/ons-band.si\/wp-content\/uploads\/2025\/12\/file_0000000093bc622f964e2440915748d2.png","datePublished":"2025-12-08T20:02:49+00:00","dateModified":"2025-12-08T20:42:35+00:00","breadcrumb":{"@id":"https:\/\/ons-band.si\/index.php\/sample-page\/#breadcrumb"},"inLanguage":"sl-SI","potentialAction":[{"@type":"ReadAction","target":["https:\/\/ons-band.si\/index.php\/sample-page\/"]}]},{"@type":"ImageObject","inLanguage":"sl-SI","@id":"https:\/\/ons-band.si\/index.php\/sample-page\/#primaryimage","url":"https:\/\/ons-band.si\/wp-content\/uploads\/2025\/12\/file_0000000093bc622f964e2440915748d2.png","contentUrl":"https:\/\/ons-band.si\/wp-content\/uploads\/2025\/12\/file_0000000093bc622f964e2440915748d2.png","width":1024,"height":1024},{"@type":"BreadcrumbList","@id":"https:\/\/ons-band.si\/index.php\/sample-page\/#breadcrumb","itemListElement":[{"@type":"ListItem","position":1,"name":"Home","item":"https:\/\/ons-band.si\/"},{"@type":"ListItem","position":2,"name":"Kdo smo"}]},{"@type":"WebSite","@id":"https:\/\/ons-band.si\/#website","url":"https:\/\/ons-band.si\/","name":"ONS BAND","description":"One Night Stand Band, keep rocking","potentialAction":[{"@type":"SearchAction","target":{"@type":"EntryPoint","urlTemplate":"https:\/\/ons-band.si\/?s={search_term_string}"},"query-input":{"@type":"PropertyValueSpecification","valueRequired":true,"valueName":"search_term_string"}}],"inLanguage":"sl-SI"}]}},"_links":{"self":[{"href":"https:\/\/ons-band.si\/index.php\/wp-json\/wp\/v2\/pages\/2","targetHints":{"allow":["GET"]}}],"collection":[{"href":"https:\/\/ons-band.si\/index.php\/wp-json\/wp\/v2\/pages"}],"about":[{"href":"https:\/\/ons-band.si\/index.php\/wp-json\/wp\/v2\/types\/page"}],"author":[{"embeddable":true,"href":"https:\/\/ons-band.si\/index.php\/wp-json\/wp\/v2\/users\/1"}],"replies":[{"embeddable":true,"href":"https:\/\/ons-band.si\/index.php\/wp-json\/wp\/v2\/comments?post=2"}],"version-history":[{"count":2,"href":"https:\/\/ons-band.si\/index.php\/wp-json\/wp\/v2\/pages\/2\/revisions"}],"predecessor-version":[{"id":25,"href":"https:\/\/ons-band.si\/index.php\/wp-json\/wp\/v2\/pages\/2\/revisions\/25"}],"wp:attachment":[{"href":"https:\/\/ons-band.si\/index.php\/wp-json\/wp\/v2\/media?parent=2"}],"curies":[{"name":"wp","href":"https:\/\/api.w.org\/{rel}","templated":true}]}}